{"id":404,"date":"2018-06-10T22:50:06","date_gmt":"2018-06-10T22:50:06","guid":{"rendered":"http:\/\/aqualineapartman.hu\/?page_id=404"},"modified":"2018-07-19T15:26:44","modified_gmt":"2018-07-19T13:26:44","slug":"hajduszoboszlo","status":"publish","type":"page","link":"https:\/\/aqualineapartman.hu\/ro\/hajduszoboszlo\/","title":{"rendered":"(HU) Hajd\u00faszoboszl\u00f3"},"content":{"rendered":"<p><\/p>\n<div class=\"col-1\">\n<h1>Hajd\u00faszoboszl\u00f3<\/h1>\n<p>Cel mai faimos ora\u0219 balnear din Campia Maghiara este Hajd\u00faszoboszl\u00f3.Principala atractie este \u00eens\u0103 celebrul complex de bai:strandul de vara, baile cu apa termala, Aquaparc si Aqua Palace (strandul acoperit cu topogane). Complexul spa ofer\u0103 experien\u021be de neuitat pentru oaspe\u021bii de spa \u0219i de agrement, precum \u0219i pentru familiile cu copii mici \u0219i mari.<\/p>\n<p>\u00cen plus fa\u021b\u0103 de numeroase evenimente \u0219i atrac\u021bii turistice apropiate (Debrecen, Hortob\u00e1gy, Ny\u00edregyh\u00e1za \u0219i Tokaj) Hajd\u00faszoboszl\u00f3 coloreaza in orice moment al anului cu diferite festivaluri de gastonomie, concerte concediul oaspetiilor.<\/p>\n<p>Pute\u021bi g\u0103si mai multe informa\u021bii, pre\u021buri de bilete, diferite evenimente, pe pagina\u00a0<a href=\"https:\/\/hajduszoboszlo.hu\">hajduszoboszlo.hu<\/a><\/div>\n<div class=\"col-2\"><img loading=\"lazy\" decoding=\"async\" class=\"alignnone size-full wp-image-487\" src=\"http:\/\/aqualineapartman.hu\/wp-content\/uploads\/hajduszoboszlo.png\" alt=\"\" width=\"417\" height=\"400\" srcset=\"https:\/\/aqualineapartman.hu\/wp-content\/uploads\/hajduszoboszlo.png 417w, https:\/\/aqualineapartman.hu\/wp-content\/uploads\/hajduszoboszlo-150x144.png 150w\" sizes=\"(max-width: 417px) 100vw, 417px\" \/><\/div>\n<p><\/p>","protected":false},"excerpt":{"rendered":"<p>Hajd\u00faszoboszl\u00f3 Cel mai faimos ora\u0219 balnear din Campia Maghiara este Hajd\u00faszoboszl\u00f3.Principala atractie este \u00eens\u0103 celebrul complex de bai:strandul de vara, baile cu apa termala, Aquaparc si Aqua Palace (strandul acoperit cu topogane). Complexul spa ofer\u0103 experien\u021be de neuitat pentru oaspe\u021bii de spa \u0219i de agrement, precum \u0219i pentru familiile cu copii mici \u0219i mari. \u00cen [&hellip;]<\/p>\n","protected":false},"author":1,"featured_media":0,"parent":0,"menu_order":0,"comment_status":"closed","ping_status":"closed","template":"","meta":{"footnotes":""},"_links":{"self":[{"href":"https:\/\/aqualineapartman.hu\/ro\/wp-json\/wp\/v2\/pages\/404"}],"collection":[{"href":"https:\/\/aqualineapartman.hu\/ro\/wp-json\/wp\/v2\/pages"}],"about":[{"href":"https:\/\/aqualineapartman.hu\/ro\/wp-json\/wp\/v2\/types\/page"}],"author":[{"embeddable":true,"href":"https:\/\/aqualineapartman.hu\/ro\/wp-json\/wp\/v2\/users\/1"}],"replies":[{"embeddable":true,"href":"https:\/\/aqualineapartman.hu\/ro\/wp-json\/wp\/v2\/comments?post=404"}],"version-history":[{"count":13,"href":"https:\/\/aqualineapartman.hu\/ro\/wp-json\/wp\/v2\/pages\/404\/revisions"}],"predecessor-version":[{"id":512,"href":"https:\/\/aqualineapartman.hu\/ro\/wp-json\/wp\/v2\/pages\/404\/revisions\/512"}],"wp:attachment":[{"href":"https:\/\/aqualineapartman.hu\/ro\/wp-json\/wp\/v2\/media?parent=404"}],"curies":[{"name":"wp","href":"https:\/\/api.w.org\/{rel}","templated":true}]}}