{"id":402,"date":"2018-06-10T22:49:56","date_gmt":"2018-06-10T22:49:56","guid":{"rendered":"http:\/\/aqualineapartman.hu\/?page_id=402"},"modified":"2018-07-19T15:20:53","modified_gmt":"2018-07-19T13:20:53","slug":"apartmanok","status":"publish","type":"page","link":"https:\/\/aqualineapartman.hu\/ro\/apartamente\/","title":{"rendered":"Apartamente"},"content":{"rendered":"<p><\/p>\n<h1>Apartamente<\/h1>\n<div class=\"front-page-apartment\">\n<div class=\"front-page-apartment-image\">\n<div class=\"rl-gallery-container rl-loading\" id=\"rl-gallery-container-7\" data-gallery_id=\"454\">\n<ul class=\"rl-gallery rl-basicslider-gallery rl-hover-effect-1 rl-hover-icon-1\" id=\"rl-gallery-7\" data-gallery_no=\"7\">\n<li class=\"rl-gallery-item\"><a href=\"https:\/\/aqualineapartman.hu\/wp-content\/uploads\/standard-apartman-01.jpg\" title=\"\" data-rl_title=\"\" class=\"rl-gallery-link\" data-rl_caption=\"\" data-rel=\"lightbox-gallery-7\"><img loading=\"lazy\" decoding=\"async\" src=\"https:\/\/aqualineapartman.hu\/wp-content\/uploads\/standard-apartman-01-544x363.jpg\" width=\"544\" height=\"363\" alt=\"\"\/><\/a><\/li>\n<li class=\"rl-gallery-item\"><a href=\"https:\/\/aqualineapartman.hu\/wp-content\/uploads\/standard-apartman-02.jpg\" title=\"\" data-rl_title=\"\" class=\"rl-gallery-link\" data-rl_caption=\"\" data-rel=\"lightbox-gallery-7\"><img loading=\"lazy\" decoding=\"async\" src=\"https:\/\/aqualineapartman.hu\/wp-content\/uploads\/standard-apartman-02-544x363.jpg\" width=\"544\" height=\"363\" alt=\"\"\/><\/a><\/li>\n<li class=\"rl-gallery-item\"><a href=\"https:\/\/aqualineapartman.hu\/wp-content\/uploads\/standard-apartman-03.jpg\" title=\"\" data-rl_title=\"\" class=\"rl-gallery-link\" data-rl_caption=\"\" data-rel=\"lightbox-gallery-7\"><img loading=\"lazy\" decoding=\"async\" src=\"https:\/\/aqualineapartman.hu\/wp-content\/uploads\/standard-apartman-03-544x363.jpg\" width=\"544\" height=\"363\" alt=\"\"\/><\/a><\/li>\n<li class=\"rl-gallery-item\"><a href=\"https:\/\/aqualineapartman.hu\/wp-content\/uploads\/standard-apartman-04.jpg\" title=\"\" data-rl_title=\"\" class=\"rl-gallery-link\" data-rl_caption=\"\" data-rel=\"lightbox-gallery-7\"><img loading=\"lazy\" decoding=\"async\" src=\"https:\/\/aqualineapartman.hu\/wp-content\/uploads\/standard-apartman-04-544x363.jpg\" width=\"544\" height=\"363\" alt=\"\"\/><\/a><\/li>\n<li class=\"rl-gallery-item\"><a href=\"https:\/\/aqualineapartman.hu\/wp-content\/uploads\/standard-apartman-05.jpg\" title=\"\" data-rl_title=\"\" class=\"rl-gallery-link\" data-rl_caption=\"\" data-rel=\"lightbox-gallery-7\"><img loading=\"lazy\" decoding=\"async\" src=\"https:\/\/aqualineapartman.hu\/wp-content\/uploads\/standard-apartman-05-544x363.jpg\" width=\"544\" height=\"363\" alt=\"\"\/><\/a><\/li>\n<li class=\"rl-gallery-item\"><a href=\"https:\/\/aqualineapartman.hu\/wp-content\/uploads\/standard-apartman-06.jpg\" title=\"\" data-rl_title=\"\" class=\"rl-gallery-link\" data-rl_caption=\"\" data-rel=\"lightbox-gallery-7\"><img loading=\"lazy\" decoding=\"async\" src=\"https:\/\/aqualineapartman.hu\/wp-content\/uploads\/standard-apartman-06-544x363.jpg\" width=\"544\" height=\"363\" alt=\"\"\/><\/a><\/li>\n<li class=\"rl-gallery-item\"><a href=\"https:\/\/aqualineapartman.hu\/wp-content\/uploads\/standard-apartman-07.jpg\" title=\"\" data-rl_title=\"\" class=\"rl-gallery-link\" data-rl_caption=\"\" data-rel=\"lightbox-gallery-7\"><img loading=\"lazy\" decoding=\"async\" src=\"https:\/\/aqualineapartman.hu\/wp-content\/uploads\/standard-apartman-07-544x360.jpg\" width=\"544\" height=\"360\" alt=\"\"\/><\/a><\/li>\n<li class=\"rl-gallery-item\"><a href=\"https:\/\/aqualineapartman.hu\/wp-content\/uploads\/standard-apartman-08.jpg\" title=\"\" data-rl_title=\"\" class=\"rl-gallery-link\" data-rl_caption=\"\" data-rel=\"lightbox-gallery-7\"><img loading=\"lazy\" decoding=\"async\" src=\"https:\/\/aqualineapartman.hu\/wp-content\/uploads\/standard-apartman-08-544x360.jpg\" width=\"544\" height=\"360\" alt=\"\"\/><\/a><\/li>\n<li class=\"rl-gallery-item\"><a href=\"https:\/\/aqualineapartman.hu\/wp-content\/uploads\/standard-apartman-09.jpg\" title=\"\" data-rl_title=\"\" class=\"rl-gallery-link\" data-rl_caption=\"\" data-rel=\"lightbox-gallery-7\"><img loading=\"lazy\" decoding=\"async\" src=\"https:\/\/aqualineapartman.hu\/wp-content\/uploads\/standard-apartman-09-544x360.jpg\" width=\"544\" height=\"360\" alt=\"\"\/><\/a><\/li>\n<li class=\"rl-gallery-item\"><a href=\"https:\/\/aqualineapartman.hu\/wp-content\/uploads\/standard-apartman-10.jpg\" title=\"\" data-rl_title=\"\" class=\"rl-gallery-link\" data-rl_caption=\"\" data-rel=\"lightbox-gallery-7\"><img loading=\"lazy\" decoding=\"async\" src=\"https:\/\/aqualineapartman.hu\/wp-content\/uploads\/standard-apartman-10-544x360.jpg\" width=\"544\" height=\"360\" alt=\"\"\/><\/a><\/li>\n<li class=\"rl-gallery-item\"><a href=\"https:\/\/aqualineapartman.hu\/wp-content\/uploads\/standard-apartman-11.jpg\" title=\"\" data-rl_title=\"\" class=\"rl-gallery-link\" data-rl_caption=\"\" data-rel=\"lightbox-gallery-7\"><img loading=\"lazy\" decoding=\"async\" src=\"https:\/\/aqualineapartman.hu\/wp-content\/uploads\/standard-apartman-11-544x360.jpg\" width=\"544\" height=\"360\" alt=\"\"\/><\/a><\/li>\n<li class=\"rl-gallery-item\"><a href=\"https:\/\/aqualineapartman.hu\/wp-content\/uploads\/standard-apartman-12.jpg\" title=\"\" data-rl_title=\"\" class=\"rl-gallery-link\" data-rl_caption=\"\" data-rel=\"lightbox-gallery-7\"><img loading=\"lazy\" decoding=\"async\" src=\"https:\/\/aqualineapartman.hu\/wp-content\/uploads\/standard-apartman-12-544x360.jpg\" width=\"544\" height=\"360\" alt=\"\"\/><\/a><\/li>\n<li class=\"rl-gallery-item\"><a href=\"https:\/\/aqualineapartman.hu\/wp-content\/uploads\/standard-apartman-13.jpg\" title=\"\" data-rl_title=\"\" class=\"rl-gallery-link\" data-rl_caption=\"\" data-rel=\"lightbox-gallery-7\"><img loading=\"lazy\" decoding=\"async\" src=\"https:\/\/aqualineapartman.hu\/wp-content\/uploads\/standard-apartman-13-544x360.jpg\" width=\"544\" height=\"360\" alt=\"\"\/><\/a><\/li>\n<\/ul><\/div>\n<\/div>\n<div class=\"front-page-apartment-text\">\n<h2>Apartament standard<\/h2>\n<p>Max. 4 pers. Apartamentele standard sunt destul de spa\u021bioase pentru un sejur confortabil pentru patru persoane. Buc\u0103t\u0103ria bine echipat\u0103 \u0219i camera de zi(living) spa\u021bioas\u0103 fac relaxarea cu adev\u0103rat confortabil\u0103. Toate apartamentele au living, buc\u0103t\u0103rie, dormitor \u0219i baie.<\/p>\n<\/div>\n<\/div>\n<div class=\"front-page-apartment\">\n<div class=\"front-page-apartment-image\">\n<div class=\"rl-gallery-container rl-loading\" id=\"rl-gallery-container-8\" data-gallery_id=\"464\">\n<ul class=\"rl-gallery rl-basicslider-gallery rl-hover-effect-1 rl-hover-icon-1\" id=\"rl-gallery-8\" data-gallery_no=\"8\">\n<li class=\"rl-gallery-item\"><a href=\"https:\/\/aqualineapartman.hu\/wp-content\/uploads\/superior-apartman-01.jpg\" title=\"\" data-rl_title=\"\" class=\"rl-gallery-link\" data-rl_caption=\"\" data-rel=\"lightbox-gallery-8\"><img loading=\"lazy\" decoding=\"async\" src=\"https:\/\/aqualineapartman.hu\/wp-content\/uploads\/superior-apartman-01-544x363.jpg\" width=\"544\" height=\"363\" alt=\"\"\/><\/a><\/li>\n<li class=\"rl-gallery-item\"><a href=\"https:\/\/aqualineapartman.hu\/wp-content\/uploads\/superior-apartman-02.jpg\" title=\"\" data-rl_title=\"\" class=\"rl-gallery-link\" data-rl_caption=\"\" data-rel=\"lightbox-gallery-8\"><img loading=\"lazy\" decoding=\"async\" src=\"https:\/\/aqualineapartman.hu\/wp-content\/uploads\/superior-apartman-02-544x363.jpg\" width=\"544\" height=\"363\" alt=\"\"\/><\/a><\/li>\n<li class=\"rl-gallery-item\"><a href=\"https:\/\/aqualineapartman.hu\/wp-content\/uploads\/superior-apartman-03.jpg\" title=\"\" data-rl_title=\"\" class=\"rl-gallery-link\" data-rl_caption=\"\" data-rel=\"lightbox-gallery-8\"><img loading=\"lazy\" decoding=\"async\" src=\"https:\/\/aqualineapartman.hu\/wp-content\/uploads\/superior-apartman-03-544x363.jpg\" width=\"544\" height=\"363\" alt=\"\"\/><\/a><\/li>\n<li class=\"rl-gallery-item\"><a href=\"https:\/\/aqualineapartman.hu\/wp-content\/uploads\/superior-apartman-04.jpg\" title=\"\" data-rl_title=\"\" class=\"rl-gallery-link\" data-rl_caption=\"\" data-rel=\"lightbox-gallery-8\"><img loading=\"lazy\" decoding=\"async\" src=\"https:\/\/aqualineapartman.hu\/wp-content\/uploads\/superior-apartman-04-544x363.jpg\" width=\"544\" height=\"363\" alt=\"\"\/><\/a><\/li>\n<li class=\"rl-gallery-item\"><a href=\"https:\/\/aqualineapartman.hu\/wp-content\/uploads\/superior-apartman-05.jpg\" title=\"\" data-rl_title=\"\" class=\"rl-gallery-link\" data-rl_caption=\"\" data-rel=\"lightbox-gallery-8\"><img loading=\"lazy\" decoding=\"async\" src=\"https:\/\/aqualineapartman.hu\/wp-content\/uploads\/superior-apartman-05-544x363.jpg\" width=\"544\" height=\"363\" alt=\"\"\/><\/a><\/li>\n<li class=\"rl-gallery-item\"><a href=\"https:\/\/aqualineapartman.hu\/wp-content\/uploads\/superior-apartman-06.jpg\" title=\"\" data-rl_title=\"\" class=\"rl-gallery-link\" data-rl_caption=\"\" data-rel=\"lightbox-gallery-8\"><img loading=\"lazy\" decoding=\"async\" src=\"https:\/\/aqualineapartman.hu\/wp-content\/uploads\/superior-apartman-06-544x360.jpg\" width=\"544\" height=\"360\" alt=\"\"\/><\/a><\/li>\n<li class=\"rl-gallery-item\"><a href=\"https:\/\/aqualineapartman.hu\/wp-content\/uploads\/superior-apartman-07.jpg\" title=\"\" data-rl_title=\"\" class=\"rl-gallery-link\" data-rl_caption=\"\" data-rel=\"lightbox-gallery-8\"><img loading=\"lazy\" decoding=\"async\" src=\"https:\/\/aqualineapartman.hu\/wp-content\/uploads\/superior-apartman-07-544x360.jpg\" width=\"544\" height=\"360\" alt=\"\"\/><\/a><\/li>\n<li class=\"rl-gallery-item\"><a href=\"https:\/\/aqualineapartman.hu\/wp-content\/uploads\/superior-apartman-08.jpg\" title=\"\" data-rl_title=\"\" class=\"rl-gallery-link\" data-rl_caption=\"\" data-rel=\"lightbox-gallery-8\"><img loading=\"lazy\" decoding=\"async\" src=\"https:\/\/aqualineapartman.hu\/wp-content\/uploads\/superior-apartman-08-544x360.jpg\" width=\"544\" height=\"360\" alt=\"\"\/><\/a><\/li>\n<li class=\"rl-gallery-item\"><a href=\"https:\/\/aqualineapartman.hu\/wp-content\/uploads\/superior-apartman-09.jpg\" title=\"\" data-rl_title=\"\" class=\"rl-gallery-link\" data-rl_caption=\"\" data-rel=\"lightbox-gallery-8\"><img loading=\"lazy\" decoding=\"async\" src=\"https:\/\/aqualineapartman.hu\/wp-content\/uploads\/superior-apartman-09-544x360.jpg\" width=\"544\" height=\"360\" alt=\"\"\/><\/a><\/li>\n<li class=\"rl-gallery-item\"><a href=\"https:\/\/aqualineapartman.hu\/wp-content\/uploads\/superior-apartman-10.jpg\" title=\"\" data-rl_title=\"\" class=\"rl-gallery-link\" data-rl_caption=\"\" data-rel=\"lightbox-gallery-8\"><img loading=\"lazy\" decoding=\"async\" src=\"https:\/\/aqualineapartman.hu\/wp-content\/uploads\/superior-apartman-10-544x360.jpg\" width=\"544\" height=\"360\" alt=\"\"\/><\/a><\/li>\n<\/ul><\/div>\n<\/div>\n<div class=\"front-page-apartment-text\">\n<h2>Apartament superior<\/h2>\n<p>Max. 6 pers. Apartamentul superior ofer\u0103 un sejur spa\u021bios \u0219i confortabil pentru \u0219ase persoane. Buc\u0103t\u0103ria bine echipat\u0103 \u0219i camera de zi(living) spa\u021bioas\u0103 fac relaxarea cu adev\u0103rat confortabil\u0103. Fiecare apartament are o camer\u0103 de zi, buc\u0103t\u0103rie, dou\u0103 dormitoare \u0219i o baie.<\/p>\n<\/div>\n<\/div>\n<div class=\"front-page-apartment\">\n<div class=\"front-page-apartment-image\">\n<div class=\"rl-gallery-container rl-loading\" id=\"rl-gallery-container-9\" data-gallery_id=\"470\">\n<ul class=\"rl-gallery rl-basicslider-gallery rl-hover-effect-1 rl-hover-icon-1\" id=\"rl-gallery-9\" data-gallery_no=\"9\">\n<li class=\"rl-gallery-item\"><a href=\"https:\/\/aqualineapartman.hu\/wp-content\/uploads\/deluxe-apartman-01.jpg\" title=\"\" data-rl_title=\"\" class=\"rl-gallery-link\" data-rl_caption=\"\" data-rel=\"lightbox-gallery-9\"><img loading=\"lazy\" decoding=\"async\" src=\"https:\/\/aqualineapartman.hu\/wp-content\/uploads\/deluxe-apartman-01-544x363.jpg\" width=\"544\" height=\"363\" alt=\"\"\/><\/a><\/li>\n<li class=\"rl-gallery-item\"><a href=\"https:\/\/aqualineapartman.hu\/wp-content\/uploads\/deluxe-apartman-02.jpg\" title=\"\" data-rl_title=\"\" class=\"rl-gallery-link\" data-rl_caption=\"\" data-rel=\"lightbox-gallery-9\"><img loading=\"lazy\" decoding=\"async\" src=\"https:\/\/aqualineapartman.hu\/wp-content\/uploads\/deluxe-apartman-02-544x363.jpg\" width=\"544\" height=\"363\" alt=\"\"\/><\/a><\/li>\n<li class=\"rl-gallery-item\"><a href=\"https:\/\/aqualineapartman.hu\/wp-content\/uploads\/deluxe-apartman-03.jpg\" title=\"\" data-rl_title=\"\" class=\"rl-gallery-link\" data-rl_caption=\"\" data-rel=\"lightbox-gallery-9\"><img loading=\"lazy\" decoding=\"async\" src=\"https:\/\/aqualineapartman.hu\/wp-content\/uploads\/deluxe-apartman-03-544x363.jpg\" width=\"544\" height=\"363\" alt=\"\"\/><\/a><\/li>\n<li class=\"rl-gallery-item\"><a href=\"https:\/\/aqualineapartman.hu\/wp-content\/uploads\/deluxe-apartman-04-1.jpg\" title=\"\" data-rl_title=\"\" class=\"rl-gallery-link\" data-rl_caption=\"\" data-rel=\"lightbox-gallery-9\"><img loading=\"lazy\" decoding=\"async\" src=\"https:\/\/aqualineapartman.hu\/wp-content\/uploads\/deluxe-apartman-04-1-544x363.jpg\" width=\"544\" height=\"363\" alt=\"\"\/><\/a><\/li>\n<li class=\"rl-gallery-item\"><a href=\"https:\/\/aqualineapartman.hu\/wp-content\/uploads\/deluxe-apartman-05.jpg\" title=\"\" data-rl_title=\"\" class=\"rl-gallery-link\" data-rl_caption=\"\" data-rel=\"lightbox-gallery-9\"><img loading=\"lazy\" decoding=\"async\" src=\"https:\/\/aqualineapartman.hu\/wp-content\/uploads\/deluxe-apartman-05-544x363.jpg\" width=\"544\" height=\"363\" alt=\"\"\/><\/a><\/li>\n<li class=\"rl-gallery-item\"><a href=\"https:\/\/aqualineapartman.hu\/wp-content\/uploads\/deluxe-apartman-06.jpg\" title=\"\" data-rl_title=\"\" class=\"rl-gallery-link\" data-rl_caption=\"\" data-rel=\"lightbox-gallery-9\"><img loading=\"lazy\" decoding=\"async\" src=\"https:\/\/aqualineapartman.hu\/wp-content\/uploads\/deluxe-apartman-06-544x363.jpg\" width=\"544\" height=\"363\" alt=\"\"\/><\/a><\/li>\n<li class=\"rl-gallery-item\"><a href=\"https:\/\/aqualineapartman.hu\/wp-content\/uploads\/deluxe-apartman-05-1.jpg\" title=\"\" data-rl_title=\"\" class=\"rl-gallery-link\" data-rl_caption=\"\" data-rel=\"lightbox-gallery-9\"><img loading=\"lazy\" decoding=\"async\" src=\"https:\/\/aqualineapartman.hu\/wp-content\/uploads\/deluxe-apartman-05-1-544x360.jpg\" width=\"544\" height=\"360\" alt=\"\"\/><\/a><\/li>\n<li class=\"rl-gallery-item\"><a href=\"https:\/\/aqualineapartman.hu\/wp-content\/uploads\/deluxe-apartman-06-1.jpg\" title=\"\" data-rl_title=\"\" class=\"rl-gallery-link\" data-rl_caption=\"\" data-rel=\"lightbox-gallery-9\"><img loading=\"lazy\" decoding=\"async\" src=\"https:\/\/aqualineapartman.hu\/wp-content\/uploads\/deluxe-apartman-06-1-544x360.jpg\" width=\"544\" height=\"360\" alt=\"\"\/><\/a><\/li>\n<li class=\"rl-gallery-item\"><a href=\"https:\/\/aqualineapartman.hu\/wp-content\/uploads\/deluxe-apartman-07.jpg\" title=\"\" data-rl_title=\"\" class=\"rl-gallery-link\" data-rl_caption=\"\" data-rel=\"lightbox-gallery-9\"><img loading=\"lazy\" decoding=\"async\" src=\"https:\/\/aqualineapartman.hu\/wp-content\/uploads\/deluxe-apartman-07-544x360.jpg\" width=\"544\" height=\"360\" alt=\"\"\/><\/a><\/li>\n<li class=\"rl-gallery-item\"><a href=\"https:\/\/aqualineapartman.hu\/wp-content\/uploads\/deluxe-apartman-08.jpg\" title=\"\" data-rl_title=\"\" class=\"rl-gallery-link\" data-rl_caption=\"\" data-rel=\"lightbox-gallery-9\"><img loading=\"lazy\" decoding=\"async\" src=\"https:\/\/aqualineapartman.hu\/wp-content\/uploads\/deluxe-apartman-08-544x360.jpg\" width=\"544\" height=\"360\" alt=\"\"\/><\/a><\/li>\n<li class=\"rl-gallery-item\"><a href=\"https:\/\/aqualineapartman.hu\/wp-content\/uploads\/deluxe-apartman-09.jpg\" title=\"\" data-rl_title=\"\" class=\"rl-gallery-link\" data-rl_caption=\"\" data-rel=\"lightbox-gallery-9\"><img loading=\"lazy\" decoding=\"async\" src=\"https:\/\/aqualineapartman.hu\/wp-content\/uploads\/deluxe-apartman-09-544x360.jpg\" width=\"544\" height=\"360\" alt=\"\"\/><\/a><\/li>\n<li class=\"rl-gallery-item\"><a href=\"https:\/\/aqualineapartman.hu\/wp-content\/uploads\/deluxe-apartman-10.jpg\" title=\"\" data-rl_title=\"\" class=\"rl-gallery-link\" data-rl_caption=\"\" data-rel=\"lightbox-gallery-9\"><img loading=\"lazy\" decoding=\"async\" src=\"https:\/\/aqualineapartman.hu\/wp-content\/uploads\/deluxe-apartman-10-544x360.jpg\" width=\"544\" height=\"360\" alt=\"\"\/><\/a><\/li>\n<li class=\"rl-gallery-item\"><a href=\"https:\/\/aqualineapartman.hu\/wp-content\/uploads\/deluxe-apartman-11.jpg\" title=\"\" data-rl_title=\"\" class=\"rl-gallery-link\" data-rl_caption=\"\" data-rel=\"lightbox-gallery-9\"><img loading=\"lazy\" decoding=\"async\" src=\"https:\/\/aqualineapartman.hu\/wp-content\/uploads\/deluxe-apartman-11-544x360.jpg\" width=\"544\" height=\"360\" alt=\"\"\/><\/a><\/li>\n<li class=\"rl-gallery-item\"><a href=\"https:\/\/aqualineapartman.hu\/wp-content\/uploads\/deluxe-apartman-12.jpg\" title=\"\" data-rl_title=\"\" class=\"rl-gallery-link\" data-rl_caption=\"\" data-rel=\"lightbox-gallery-9\"><img loading=\"lazy\" decoding=\"async\" src=\"https:\/\/aqualineapartman.hu\/wp-content\/uploads\/deluxe-apartman-12-544x360.jpg\" width=\"544\" height=\"360\" alt=\"\"\/><\/a><\/li>\n<li class=\"rl-gallery-item\"><a href=\"https:\/\/aqualineapartman.hu\/wp-content\/uploads\/deluxe-apartman-13.jpg\" title=\"\" data-rl_title=\"\" class=\"rl-gallery-link\" data-rl_caption=\"\" data-rel=\"lightbox-gallery-9\"><img loading=\"lazy\" decoding=\"async\" src=\"https:\/\/aqualineapartman.hu\/wp-content\/uploads\/deluxe-apartman-13-544x360.jpg\" width=\"544\" height=\"360\" alt=\"\"\/><\/a><\/li>\n<li class=\"rl-gallery-item\"><a href=\"https:\/\/aqualineapartman.hu\/wp-content\/uploads\/deluxe-apartman-14.jpg\" title=\"\" data-rl_title=\"\" class=\"rl-gallery-link\" data-rl_caption=\"\" data-rel=\"lightbox-gallery-9\"><img loading=\"lazy\" decoding=\"async\" src=\"https:\/\/aqualineapartman.hu\/wp-content\/uploads\/deluxe-apartman-14-544x360.jpg\" width=\"544\" height=\"360\" alt=\"\"\/><\/a><\/li>\n<li class=\"rl-gallery-item\"><a href=\"https:\/\/aqualineapartman.hu\/wp-content\/uploads\/deluxe-apartman-15.jpg\" title=\"\" data-rl_title=\"\" class=\"rl-gallery-link\" data-rl_caption=\"\" data-rel=\"lightbox-gallery-9\"><img loading=\"lazy\" decoding=\"async\" src=\"https:\/\/aqualineapartman.hu\/wp-content\/uploads\/deluxe-apartman-15-544x360.jpg\" width=\"544\" height=\"360\" alt=\"\"\/><\/a><\/li>\n<li class=\"rl-gallery-item\"><a href=\"https:\/\/aqualineapartman.hu\/wp-content\/uploads\/deluxe-apartman-16.jpg\" title=\"\" data-rl_title=\"\" class=\"rl-gallery-link\" data-rl_caption=\"\" data-rel=\"lightbox-gallery-9\"><img loading=\"lazy\" decoding=\"async\" src=\"https:\/\/aqualineapartman.hu\/wp-content\/uploads\/deluxe-apartman-16-544x360.jpg\" width=\"544\" height=\"360\" alt=\"\"\/><\/a><\/li>\n<li class=\"rl-gallery-item\"><a href=\"https:\/\/aqualineapartman.hu\/wp-content\/uploads\/deluxe-apartman-17.jpg\" title=\"\" data-rl_title=\"\" class=\"rl-gallery-link\" data-rl_caption=\"\" data-rel=\"lightbox-gallery-9\"><img loading=\"lazy\" decoding=\"async\" src=\"https:\/\/aqualineapartman.hu\/wp-content\/uploads\/deluxe-apartman-17-544x360.jpg\" width=\"544\" height=\"360\" alt=\"\"\/><\/a><\/li>\n<\/ul><\/div>\n<\/div>\n<div class=\"front-page-apartment-text\">\n<h2>Apartament de lux<\/h2>\n<p>Max. 9 pers. Apartamentele sunt spa\u021bioase \u0219i, prin urmare, ofer\u0103 o odihn\u0103 confortabil\u0103 pentru nou\u0103 persoane. Buc\u0103t\u0103ria bine echipat\u0103 \u0219i camera de zi(living) spa\u021bioas\u0103 fac relaxarea cu adev\u0103rat confortabil\u0103. Fiecare apartament are o camer\u0103 de zi, buc\u0103t\u0103rie, trei dormitoare \u0219i o baie.<\/p>\n<\/div>\n<\/div>\n<p><\/p>","protected":false},"excerpt":{"rendered":"<p>Apartamente Apartament standard Max. 4 pers. Apartamentele standard sunt destul de spa\u021bioase pentru un sejur confortabil pentru patru persoane. Buc\u0103t\u0103ria bine echipat\u0103 \u0219i camera de zi(living) spa\u021bioas\u0103 fac relaxarea cu adev\u0103rat confortabil\u0103. Toate apartamentele au living, buc\u0103t\u0103rie, dormitor \u0219i baie. Apartament superior Max. 6 pers. Apartamentul superior ofer\u0103 un sejur spa\u021bios \u0219i confortabil pentru \u0219ase [&hellip;]<\/p>\n","protected":false},"author":1,"featured_media":0,"parent":0,"menu_order":0,"comment_status":"closed","ping_status":"closed","template":"","meta":{"footnotes":""},"_links":{"self":[{"href":"https:\/\/aqualineapartman.hu\/ro\/wp-json\/wp\/v2\/pages\/402"}],"collection":[{"href":"https:\/\/aqualineapartman.hu\/ro\/wp-json\/wp\/v2\/pages"}],"about":[{"href":"https:\/\/aqualineapartman.hu\/ro\/wp-json\/wp\/v2\/types\/page"}],"author":[{"embeddable":true,"href":"https:\/\/aqualineapartman.hu\/ro\/wp-json\/wp\/v2\/users\/1"}],"replies":[{"embeddable":true,"href":"https:\/\/aqualineapartman.hu\/ro\/wp-json\/wp\/v2\/comments?post=402"}],"version-history":[{"count":20,"href":"https:\/\/aqualineapartman.hu\/ro\/wp-json\/wp\/v2\/pages\/402\/revisions"}],"predecessor-version":[{"id":511,"href":"https:\/\/aqualineapartman.hu\/ro\/wp-json\/wp\/v2\/pages\/402\/revisions\/511"}],"wp:attachment":[{"href":"https:\/\/aqualineapartman.hu\/ro\/wp-json\/wp\/v2\/media?parent=402"}],"curies":[{"name":"wp","href":"https:\/\/api.w.org\/{rel}","templated":true}]}}