{"id":506,"date":"2018-07-19T15:04:29","date_gmt":"2018-07-19T13:04:29","guid":{"rendered":"http:\/\/aqualineapartman.hu\/?page_id=506"},"modified":"2018-11-03T22:24:25","modified_gmt":"2018-11-03T20:24:25","slug":"gdpr","status":"publish","type":"page","link":"https:\/\/aqualineapartman.hu\/pl\/cookie-gdpr\/","title":{"rendered":"Cookie (s\u00fcti) szab\u00e1lyzat \u00e9s Adatv\u00e9delmi t\u00e1j\u00e9koztat\u00f3"},"content":{"rendered":"<p><\/p>\n<h1>Cookie (s\u00fcti) szab\u00e1lyzat<\/h1>\n<p>Azoknak a weboldalnak, amelyek az Eur\u00f3pai Uni\u00f3 orsz\u00e1gain bel\u00fcl m\u0171k\u00f6dtetnek, cookie-k haszn\u00e1lat\u00e1hoz, \u00e9s a felhaszn\u00e1l\u00f3 sz\u00e1m\u00edt\u00f3g\u00e9p\u00e9n vagy egy\u00e9b eszk\u00f6z\u00e9n t\u00f6rt\u00e9n\u0151 t\u00e1rol\u00e1s\u00e1hoz a felhaszn\u00e1l\u00f3k hozz\u00e1j\u00e1rul\u00e1s\u00e1t kell k\u00e9rni\u00fck.<\/p>\n<h2>Mi a cookie (s\u00fcti)?<\/h2>\n<p>A cookie-k kis adatf\u00e1jlok, amelyeket a b\u00f6ng\u00e9sz\u0151 helyez el a felhaszn\u00e1l\u00f3 sz\u00e1m\u00edt\u00f3g\u00e9p\u00e9n vagy eszk\u00f6z\u00e9n. T\u00f6bbek k\u00f6z\u00f6tt inform\u00e1ci\u00f3t gy\u0171jtenek, megjegyzik a l\u00e1togat\u00f3 egy\u00e9ni be\u00e1ll\u00edt\u00e1sait, \u00e9s \u00e1ltal\u00e1noss\u00e1gban megk\u00f6nny\u00edtik a weboldal haszn\u00e1lat\u00e1t a felhaszn\u00e1l\u00f3k sz\u00e1m\u00e1ra. A s\u00fctik \u00f6nmagukban nem gy\u0171jtik a sz\u00e1m\u00edt\u00f3g\u00e9pen vagy a f\u00e1jlokban t\u00e1rolt adatokat.<\/p>\n<h2>Tov\u00e1bbi inform\u00e1ci\u00f3k a cookie-kr\u00f3l<\/h2>\n<p>A cookie-kal kapcsolatos r\u00e9szletesebb tudnival\u00f3k\u00e9rt keresse fel az al\u00e1bbi weboldalakat:<\/p>\n<p><a href=\"http:\/\/www.youronlinechoices.com\/hu\/\" target=\"_blank\" rel=\"noopener\">www.youronlinechoices.com\/hu\/<\/a><\/p>\n<p><a href=\"http:\/\/www.allaboutcookies.org\/\" target=\"_blank\" rel=\"noopener\">www.allaboutcookies.org\/<\/a><\/p>\n<p><a href=\"http:\/\/cookiepedia.co.uk\/cookie-laws-across-europe\" target=\"_blank\" rel=\"noopener\">cookiepedia.co.uk\/cookie-laws-across-europe<\/a><\/p>\n<p>Google Analytics Cookie-k:<\/p>\n<p><a href=\"https:\/\/developers.google.com\/analytics\/devguides\/collection\/analyticsjs\/cookie-usage\" target=\"_blank\" rel=\"noopener\">developers.google.com\/analytics\/devguides\/collection\/analyticsjs\/cookie-usage<\/a><\/p>\n<p><a href=\"http:\/\/www.google.com\/intl\/en\/policies\/privacy\/\" target=\"_blank\" rel=\"noopener\">www.google.com\/intl\/en\/policies\/privacy\/<\/a><\/p>\n<p>&nbsp;<\/p>\n<p>&nbsp;<\/p>\n<h1>Adatv\u00e9delmi t\u00e1j\u00e9koztat\u00f3<\/h1>\n<h2>1. Az adatkezel\u0151 neve, sz\u00e9khelye k\u00e9pvisel\u0151je<\/h2>\n<p>N\u00e9v: Hajd\u00fa Park Kft.<br \/>\nSz\u00e9khelye:\u00a04200 Hajd\u00faszoboszl\u00f3, M\u00e1ty\u00e1s kir\u00e1ly s\u00e9t\u00e1ny 8.<br \/>\nT\u00f6rv\u00e9nyes k\u00e9pvisel\u0151: Dr. In\u00e1ncsy Mikl\u00f3s<\/p>\n<h2>2. A kezelt adat meghat\u00e1roz\u00e1sa:<\/h2>\n<p>Az \u00e9rintett \u00e1ltal megadott n\u00e9v \u00e9s e-mail c\u00edm.<\/p>\n<h2>3. Az adatkezel\u00e9s c\u00e9lja:<\/h2>\n<p>H\u00edrlev\u00e9l megk\u00fcld\u00e9se, akci\u00f3s aj\u00e1nlatok \u00e9s m\u00e1s k\u00fcldem\u00e9nyek k\u00fcld\u00e9se, t\u00e1j\u00e9koztat\u00e1s az aktu\u00e1lis inform\u00e1ci\u00f3kr\u00f3l, aj\u00e1nlatokr\u00f3l, direktmarketing tartalm\u00fa megkeres\u00e9sek.<\/p>\n<h2>4. Az adatkezel\u00e9s jogalapja:<\/h2>\n<p>Az \u00e9rintett hozz\u00e1j\u00e1rul\u00e1sa.<\/p>\n<h2>5. Az adatszolg\u00e1ltat\u00e1s elmarad\u00e1s\u00e1nak jogk\u00f6vetkezm\u00e9nyei:<\/h2>\n<p>Ez esetben a h\u00edrlev\u00e9lre feliratkoz\u00e1s nem t\u00f6rt\u00e9nik meg, az adatkezel\u00e9sre nem ker\u00fcl sor.<\/p>\n<h2>6. Az adattov\u00e1bb\u00edt\u00e1s:<\/h2>\n<p>Az adatok tov\u00e1bb\u00edt\u00e1s\u00e1ra kiz\u00e1r\u00f3lag a szerz\u0151d\u00e9s alapj\u00e1n a h\u00edrleveleket elk\u00e9sz\u00edt\u0151 \u00e9s a h\u00edrlev\u00e9l szolg\u00e1ltat\u00e1s kik\u00fcld\u00e9s\u00e9t v\u00e9gz\u0151 c\u00e9g r\u00e9sz\u00e9re ker\u00fcl sor.<\/p>\n<p>A h\u00edrleveleket elk\u00e9sz\u00edt\u0151 adatfeldolgoz\u00f3 neve: Wanadis Kft.<br \/>\nSz\u00e9khelye:\u00a01112 Budapest, Buda\u00f6rsi \u00fat 153.<br \/>\nK\u00e9pvisel\u0151je: K\u00e1lm\u00e1n Tam\u00e1s<\/p>\n<p>A h\u00edrlev\u00e9l kik\u00fcld\u00e9si szolg\u00e1ltat\u00e1st v\u00e9gz\u0151 adatfeldolgoz\u00f3 neve: Wanadis Kft.<br \/>\nSz\u00e9khelye:\u00a01112 Budapest, Buda\u00f6rsi \u00fat 153.<br \/>\nK\u00e9pvisel\u0151je: K\u00e1lm\u00e1n Tam\u00e1s<\/p>\n<p>Harmadik orsz\u00e1gba adattov\u00e1bb\u00edt\u00e1sra nem ker\u00fcl sor.<\/p>\n<h2>7. Az adattov\u00e1bb\u00edt\u00e1s jogalapja:<\/h2>\n<p>Az \u00e9rintett hozz\u00e1j\u00e1rul\u00e1sa.<\/p>\n<h2>8. A szem\u00e9lyes adat kezel\u00e9s\u00e9nek id\u0151tartama:<\/h2>\n<p>Az adatok kezel\u00e9s\u00e9re az \u00e9rintett felhatalmaz\u00e1s\u00e1nak visszavon\u00e1s\u00e1ig ker\u00fcl sor. A h\u00edrlev\u00e9lr\u0151l minden h\u00edrlev\u00e9l v\u00e9g\u00e9n le lehet iratkozni, mely egyben azt is jelenti, hogy az \u00e9rintett k\u00e9ri az e-mail c\u00edm\u00e9nek t\u00f6rl\u00e9s\u00e9t.<\/p>\n<h2>9. T\u00e1j\u00e9koztat\u00e1s az \u00e9rintett jogair\u00f3l<\/h2>\n<p>Az \u00e9rintett jogosult arra hogy,<\/p>\n<ul>\n<li>az adatkezel\u0151t\u0151l t\u00e1j\u00e9koztat\u00e1st kapjon arr\u00f3l, hogy szem\u00e9lyes adatainak kezel\u00e9se folyamatban van-e, \u00e9s ha ilyen adatkezel\u00e9s folyamatban van, jogosult arra, hogy a szem\u00e9lyes adatokhoz hozz\u00e1f\u00e9r\u00e9st kapjon.<\/li>\n<li>k\u00e9r\u00e9s\u00e9re az adatkezel\u0151 indokolatlan k\u00e9sedelem n\u00e9lk\u00fcl helyesb\u00edtse a r\u00e1 vonatkoz\u00f3 pontatlan szem\u00e9lyes adatokat.<\/li>\n<li>k\u00e9r\u00e9s\u00e9re az adatkezel\u0151 indokolatlan k\u00e9sedelem n\u00e9lk\u00fcl t\u00f6r\u00f6lje a r\u00e1 vonatkoz\u00f3 szem\u00e9lyes adatokat, az adatkezel\u0151 pedig k\u00f6teles arra, hogy egy\u00e9b felt\u00e9telek teljes\u00fcl\u00e9se eset\u00e9n az \u00e9rintettre vonatkoz\u00f3 szem\u00e9lyes adatokat indokolatlan k\u00e9sedelem n\u00e9lk\u00fcl t\u00f6r\u00f6lje k\u00e9r\u00e9s\u00e9re az adatkezel\u0151 korl\u00e1tozza az adatkezel\u00e9st, ha az \u00e9rintett vitatja a szem\u00e9lyes adatok pontoss\u00e1g\u00e1t, \/a korl\u00e1toz\u00e1s addig tart m\u00edg az adatkezel\u0151 ellen\u0151rzi a szem\u00e9lyes adatok pontoss\u00e1g\u00e1t,\/az adatkezel\u00e9s jogellenes, \u00e9s az \u00e9rintett ellenzi az adatok t\u00f6rl\u00e9s\u00e9t, \u00e9s ehelyett k\u00e9ri azok felhaszn\u00e1l\u00e1s\u00e1nak korl\u00e1toz\u00e1s\u00e1t; az adatkezel\u0151nek m\u00e1r nincs sz\u00fcks\u00e9ge a szem\u00e9lyes adatokra de az \u00e9rintett ig\u00e9nyli azokat jogi ig\u00e9nyek el\u0151terjeszt\u00e9s\u00e9hez, \u00e9rv\u00e9nyes\u00edt\u00e9s\u00e9hez vagy v\u00e9delm\u00e9hez.<\/li>\n<li>az \u00e9rintett tiltakozott az adatkezel\u00e9s ellen; ez esetben a korl\u00e1toz\u00e1s arra az id\u0151tartamra vonatkozik, am\u00edg meg\u00e1llap\u00edt\u00e1sra nem ker\u00fcl, hogy az adatkezel\u0151 jogos indokai els\u0151bbs\u00e9get \u00e9lveznek-e az \u00e9rintett jogos indokaival szemben.<\/li>\n<li>a r\u00e1 vonatkoz\u00f3, az \u00e1ltala az adatkezel\u0151 rendelkez\u00e9s\u00e9re bocs\u00e1tott szem\u00e9lyes adatokat tagolt, sz\u00e9les k\u00f6rben haszn\u00e1lt form\u00e1tumban megkapja, \u00e9s ezeket az adatokat egy m\u00e1sik adatkezel\u0151nek tov\u00e1bb\u00edtsa an\u00e9lk\u00fcl, hogy ezt akad\u00e1lyozn\u00e1 az az adatkezel\u0151, amelynek a szem\u00e9lyes adatokat a rendelkez\u00e9s\u00e9re bocs\u00e1totta, ha az adatkezel\u00e9s \u00f6nk\u00e9ntes hozz\u00e1j\u00e1rul\u00e1son vagy szerz\u0151d\u00e9sen alapul \u00e9s automatiz\u00e1lt m\u00f3don t\u00f6rt\u00e9nik.<\/li>\n<li>ha a szem\u00e9lyes adatok kezel\u00e9se k\u00f6zvetlen \u00fczletszerz\u00e9s \u00e9rdek\u00e9ben t\u00f6rt\u00e9nik, az \u00e9rintett jogosult arra, hogy b\u00e1rmikor tiltakozzon a r\u00e1 vonatkoz\u00f3 szem\u00e9lyes adatok e c\u00e9lb\u00f3l t\u00f6rt\u00e9n\u0151 kezel\u00e9se ellen, ide\u00e9rtve a profilalkot\u00e1st is, amennyiben az a k\u00f6zvetlen \u00fczletszerz\u00e9shez kapcsol\u00f3dik.<\/li>\n<li>ne terjedjen ki r\u00e1 az olyan, kiz\u00e1r\u00f3lag automatiz\u00e1lt adatkezel\u00e9sen \u2013 ide\u00e9rtve a profilalkot\u00e1st is \u2013 alapul\u00f3 d\u00f6nt\u00e9s hat\u00e1lya, amely r\u00e1 n\u00e9zve joghat\u00e1ssal j\u00e1rna vagy \u0151t hasonl\u00f3k\u00e9ppen jelent\u0151s m\u00e9rt\u00e9kben \u00e9rinten\u00e9.<\/li>\n<\/ul>\n<h2>10. Profilalkot\u00e1ssal, automatiz\u00e1lt d\u00f6nt\u00e9shozatallal kapcsolatos inform\u00e1ci\u00f3k:<\/h2>\n<p>Profilalkot\u00e1sra, automatiz\u00e1lt d\u00f6nt\u00e9shozatalra nem ker\u00fcl sor.<\/p>\n<h2>11. Adatok t\u00e1rol\u00e1sa, adatbiztons\u00e1g<\/h2>\n<p>A Hajd\u00fa Park Kft. \u00e9s az adatfeldolgoz\u00f3k\u00e9nt k\u00f6zrem\u0171k\u00f6d\u0151 szervezetek az adatokat a saj\u00e1t sz\u00e1m\u00edt\u00e1stechnikai eszk\u00f6zein t\u00e1rolja, melyek a sz\u00e9khely\u00e9n tal\u00e1lhat\u00f3ak meg. A Hajd\u00fa Park Kft. az \u00e1ltala alkalmazott informatikai eszk\u00f6z\u00f6ket \u00fagy v\u00e1lasztja meg \u00e9s \u00fczemelteti, hogy a kezelt adat az arra feljogos\u00edtottak sz\u00e1m\u00e1ra hozz\u00e1f\u00e9rhet\u0151 legyen, hiteless\u00e9ge \u00e9s hiteles\u00edt\u00e9se biztos\u00edtott maradjon, v\u00e1ltozatlans\u00e1ga igazolhat\u00f3 legyen \u00e9s a jogosulatlan hozz\u00e1f\u00e9r\u00e9s ellen v\u00e9dett legyen. Az adatok v\u00e9delm\u00e9re a jogosulatlan hozz\u00e1f\u00e9r\u00e9s, megv\u00e1ltoztat\u00e1s, tov\u00e1bb\u00edt\u00e1s, nyilv\u00e1noss\u00e1gra hozatal, t\u00f6rl\u00e9s vagy megsemmis\u00edt\u00e9s, valamint a v\u00e9letlen megsemmis\u00fcl\u00e9s, s\u00e9r\u00fcl\u00e9s, tov\u00e1bb\u00e1 az alkalmazott technika megv\u00e1ltoz\u00e1s\u00e1b\u00f3l fakad\u00f3 hozz\u00e1f\u00e9rhetetlenn\u00e9 v\u00e1l\u00e1s ellen ker\u00fcl sor, \u00fagy hogy a Hajd\u00fa Park Kft. a technika mindenkori fejletts\u00e9g\u00e9re tekintettel olyan m\u0171szaki, szervez\u00e9si \u00e9s szervezeti int\u00e9zked\u00e9sekkel gondoskodik az adatkezel\u00e9s biztons\u00e1g\u00e1nak v\u00e9delm\u00e9r\u0151l, amely az adatkezel\u00e9ssel kapcsolatban jelentkez\u0151 kock\u00e1zatoknak megfelel\u0151 v\u00e9delmi szintet ny\u00fajt.<\/p>\n<h2>12. Hat\u00f3s\u00e1ghoz fordul\u00e1s joga:<\/h2>\n<p>Az \u00e9rintett a jogainak megs\u00e9rt\u00e9se eset\u00e9n az adatkezel\u0151 ellen b\u00edr\u00f3s\u00e1ghoz fordulhat.<\/p>\n<p>A per elb\u00edr\u00e1l\u00e1sa a t\u00f6rv\u00e9nysz\u00e9k hat\u00e1sk\u00f6r\u00e9be tartozik.<\/p>\n<p>F\u0151v\u00e1rosi T\u00f6rv\u00e9nysz\u00e9k el\u00e9rhet\u0151s\u00e9ge:\u00a01055 Budapest, Mark\u00f3 u. 25.<\/p>\n<p>Az \u00e9rintett v\u00e1laszt\u00e1sa szerint a per az \u00e9rintett lak\u00f3helye vagy tart\u00f3zkod\u00e1si helye szerinti t\u00f6rv\u00e9nysz\u00e9k el\u0151tt is megind\u00edthat\u00f3. A b\u00edr\u00f3s\u00e1g az \u00fcgyben soron k\u00edv\u00fcl j\u00e1r el.<\/p>\n<p>Jogorvoslati lehet\u0151s\u00e9ggel, panasszal a Nemzeti Adatv\u00e9delmi \u00e9s Inform\u00e1ci\u00f3szabads\u00e1g Hat\u00f3s\u00e1gn\u00e1l lehet \u00e9lni:<br \/>\nN\u00e9v: Nemzeti Adatv\u00e9delmi \u00e9s Inform\u00e1ci\u00f3szabads\u00e1g Hat\u00f3s\u00e1g<br \/>\nSz\u00e9khely: 1125 Budapest, Szil\u00e1gyi Erzs\u00e9bet fasor 22\/C<br \/>\nLevelez\u00e9si c\u00edm: 1530 Budapest, Pf.: 5.<br \/>\nTelefon: 06.1.391.1400<br \/>\nFax: 06.1.391.1410<br \/>\nE-mail:\u00a0<a href=\"mailto:ugyfelszolgalat@naih.hu\" target=\"_blank\" rel=\"noopener\">ugyfelszolgalat@naih.hu<\/a><br \/>\nHonlap:\u00a0<a href=\"http:\/\/www.naih.hu\/\" target=\"_blank\" rel=\"noopener noreferrer\" data-saferedirecturl=\"https:\/\/www.google.com\/url?hl=en-GB&amp;q=http:\/\/www.naih.hu&amp;source=gmail&amp;ust=1532090898121000&amp;usg=AFQjCNF8nGXE-f2X8VjFsMPBvkujGN8BNw\">http:\/\/www.naih.hu<\/a><\/p>\n<h2>13. Az Adatkezel\u00e9si t\u00e1j\u00e9koztat\u00f3 el\u00e9rhet\u0151s\u00e9ge<\/h2>\n<p>Az adatkezel\u00e9si t\u00e1j\u00e9koztat\u00f3 a Hajd\u00fa Park Kft. honlapj\u00e1n a\u00a0<a href=\"http:\/\/aqualineapartman.hu\/cookie-gdpr\/\" target=\"_blank\" rel=\"noopener noreferrer\" data-saferedirecturl=\"https:\/\/www.google.com\/url?hl=en-GB&amp;q=http:\/\/www.aqualineapartman.hu&amp;source=gmail&amp;ust=1532090898121000&amp;usg=AFQjCNHP9VxY--bqtMX5ilffWaU8x938OA\">www.aqualineapartman.hu\/cookie-gdpr<\/a>\u00a0oldalon \u00e9rhet\u0151 el.<\/p>\n<p>&nbsp;<\/p>\n<p><a href=\"http:\/\/aqualineapartman.hu\/\">Vissza az Aqua Line Apartmanh\u00e1z weboldal\u00e1ra &gt;&gt;&gt;<\/a><\/p>","protected":false},"excerpt":{"rendered":"<p>Cookie (s\u00fcti) szab\u00e1lyzat Azoknak a weboldalnak, amelyek az Eur\u00f3pai Uni\u00f3 orsz\u00e1gain bel\u00fcl m\u0171k\u00f6dtetnek, cookie-k haszn\u00e1lat\u00e1hoz, \u00e9s a felhaszn\u00e1l\u00f3 sz\u00e1m\u00edt\u00f3g\u00e9p\u00e9n vagy egy\u00e9b eszk\u00f6z\u00e9n t\u00f6rt\u00e9n\u0151 t\u00e1rol\u00e1s\u00e1hoz a felhaszn\u00e1l\u00f3k hozz\u00e1j\u00e1rul\u00e1s\u00e1t kell k\u00e9rni\u00fck. Mi a cookie (s\u00fcti)? A cookie-k kis adatf\u00e1jlok, amelyeket a b\u00f6ng\u00e9sz\u0151 helyez el a felhaszn\u00e1l\u00f3 sz\u00e1m\u00edt\u00f3g\u00e9p\u00e9n vagy eszk\u00f6z\u00e9n. T\u00f6bbek k\u00f6z\u00f6tt inform\u00e1ci\u00f3t gy\u0171jtenek, megjegyzik a l\u00e1togat\u00f3 egy\u00e9ni [&hellip;]<\/p>\n","protected":false},"author":1,"featured_media":0,"parent":0,"menu_order":0,"comment_status":"closed","ping_status":"closed","template":"page-gdpr.php","meta":{"footnotes":""},"_links":{"self":[{"href":"https:\/\/aqualineapartman.hu\/pl\/wp-json\/wp\/v2\/pages\/506"}],"collection":[{"href":"https:\/\/aqualineapartman.hu\/pl\/wp-json\/wp\/v2\/pages"}],"about":[{"href":"https:\/\/aqualineapartman.hu\/pl\/wp-json\/wp\/v2\/types\/page"}],"author":[{"embeddable":true,"href":"https:\/\/aqualineapartman.hu\/pl\/wp-json\/wp\/v2\/users\/1"}],"replies":[{"embeddable":true,"href":"https:\/\/aqualineapartman.hu\/pl\/wp-json\/wp\/v2\/comments?post=506"}],"version-history":[{"count":9,"href":"https:\/\/aqualineapartman.hu\/pl\/wp-json\/wp\/v2\/pages\/506\/revisions"}],"predecessor-version":[{"id":556,"href":"https:\/\/aqualineapartman.hu\/pl\/wp-json\/wp\/v2\/pages\/506\/revisions\/556"}],"wp:attachment":[{"href":"https:\/\/aqualineapartman.hu\/pl\/wp-json\/wp\/v2\/media?parent=506"}],"curies":[{"name":"wp","href":"https:\/\/api.w.org\/{rel}","templated":true}]}}