{"id":404,"date":"2018-06-10T22:50:06","date_gmt":"2018-06-10T22:50:06","guid":{"rendered":"http:\/\/aqualineapartman.hu\/?page_id=404"},"modified":"2018-07-19T15:26:44","modified_gmt":"2018-07-19T13:26:44","slug":"hajduszoboszlo","status":"publish","type":"page","link":"https:\/\/aqualineapartman.hu\/pl\/hajduszoboszlo\/","title":{"rendered":"(HU) Hajd\u00faszoboszl\u00f3"},"content":{"rendered":"<p><\/p>\n<div class=\"col-1\">\n<h1>Hajd\u00faszoboszl\u00f3<\/h1>\n<p>G\u0142\u00f3wn\u0105 atrakcj\u0105 Hajduszoboszlo, najbardziej znanego uzdrowiska na Wielkiej Nizinie W\u0119gierskiej &#8211; Alf\u00f6ld, jest kompleks basenowy obejmuj\u0105cy baseny lecznicze, pla\u017ce letni\u0105, Aquapark i Aqua Palace. Kompleks spa oferuje ca\u0142oroczne niezapomniane wra\u017cenia dla go\u015bci uzdrowiskowych i wczasowicz\u00f3w oraz rodzin z ma\u0142ymi i du\u017cych dzie\u0107mi.<\/p>\n<p>Opr\u00f3cz licznych lokalnych i okolicznych imprez i atrakcji (Debrecen, Hortob\u00e1gy, Ny\u00edregyh\u00e1za i Tokaj) Hajd\u00faszoboszl\u00f3 o ka\u017cdej porze roku uprzyjemnia pobyt festynami gastronomicznymi.<\/p>\n<p>Wi\u0119cej informacji, ceny bilet\u00f3w, aktualne programy znajdziesz na stronie\u00a0<a href=\"https:\/\/hajduszoboszlo.hu\">hajduszoboszlo.hu<\/a>.<\/div>\n<div class=\"col-2\"><img loading=\"lazy\" decoding=\"async\" class=\"alignnone size-full wp-image-487\" src=\"http:\/\/aqualineapartman.hu\/wp-content\/uploads\/hajduszoboszlo.png\" alt=\"\" width=\"417\" height=\"400\" srcset=\"https:\/\/aqualineapartman.hu\/wp-content\/uploads\/hajduszoboszlo.png 417w, https:\/\/aqualineapartman.hu\/wp-content\/uploads\/hajduszoboszlo-150x144.png 150w\" sizes=\"(max-width: 417px) 100vw, 417px\" \/><\/div>\n<p><\/p>","protected":false},"excerpt":{"rendered":"<p>Hajd\u00faszoboszl\u00f3 G\u0142\u00f3wn\u0105 atrakcj\u0105 Hajduszoboszlo, najbardziej znanego uzdrowiska na Wielkiej Nizinie W\u0119gierskiej &#8211; Alf\u00f6ld, jest kompleks basenowy obejmuj\u0105cy baseny lecznicze, pla\u017ce letni\u0105, Aquapark i Aqua Palace. Kompleks spa oferuje ca\u0142oroczne niezapomniane wra\u017cenia dla go\u015bci uzdrowiskowych i wczasowicz\u00f3w oraz rodzin z ma\u0142ymi i du\u017cych dzie\u0107mi. Opr\u00f3cz licznych lokalnych i okolicznych imprez i atrakcji (Debrecen, Hortob\u00e1gy, Ny\u00edregyh\u00e1za i [&hellip;]<\/p>\n","protected":false},"author":1,"featured_media":0,"parent":0,"menu_order":0,"comment_status":"closed","ping_status":"closed","template":"","meta":{"footnotes":""},"_links":{"self":[{"href":"https:\/\/aqualineapartman.hu\/pl\/wp-json\/wp\/v2\/pages\/404"}],"collection":[{"href":"https:\/\/aqualineapartman.hu\/pl\/wp-json\/wp\/v2\/pages"}],"about":[{"href":"https:\/\/aqualineapartman.hu\/pl\/wp-json\/wp\/v2\/types\/page"}],"author":[{"embeddable":true,"href":"https:\/\/aqualineapartman.hu\/pl\/wp-json\/wp\/v2\/users\/1"}],"replies":[{"embeddable":true,"href":"https:\/\/aqualineapartman.hu\/pl\/wp-json\/wp\/v2\/comments?post=404"}],"version-history":[{"count":13,"href":"https:\/\/aqualineapartman.hu\/pl\/wp-json\/wp\/v2\/pages\/404\/revisions"}],"predecessor-version":[{"id":512,"href":"https:\/\/aqualineapartman.hu\/pl\/wp-json\/wp\/v2\/pages\/404\/revisions\/512"}],"wp:attachment":[{"href":"https:\/\/aqualineapartman.hu\/pl\/wp-json\/wp\/v2\/media?parent=404"}],"curies":[{"name":"wp","href":"https:\/\/api.w.org\/{rel}","templated":true}]}}