{"id":402,"date":"2018-06-10T22:49:56","date_gmt":"2018-06-10T22:49:56","guid":{"rendered":"http:\/\/aqualineapartman.hu\/?page_id=402"},"modified":"2018-07-19T15:20:53","modified_gmt":"2018-07-19T13:20:53","slug":"apartmanok","status":"publish","type":"page","link":"https:\/\/aqualineapartman.hu\/pl\/apartament\/","title":{"rendered":"(HU) Apartmanok"},"content":{"rendered":"<p><\/p>\n<h1>Apartament<\/h1>\n<div class=\"front-page-apartment\">\n<div class=\"front-page-apartment-image\">\n<div class=\"rl-gallery-container rl-loading\" id=\"rl-gallery-container-10\" data-gallery_id=\"454\">\n<ul class=\"rl-gallery rl-basicslider-gallery rl-hover-effect-1 rl-hover-icon-1\" id=\"rl-gallery-10\" data-gallery_no=\"10\">\n<li class=\"rl-gallery-item\"><a href=\"https:\/\/aqualineapartman.hu\/wp-content\/uploads\/standard-apartman-01.jpg\" title=\"\" data-rl_title=\"\" class=\"rl-gallery-link\" data-rl_caption=\"\" data-rel=\"lightbox-gallery-10\"><img loading=\"lazy\" decoding=\"async\" src=\"https:\/\/aqualineapartman.hu\/wp-content\/uploads\/standard-apartman-01-544x363.jpg\" width=\"544\" height=\"363\" alt=\"\"\/><\/a><\/li>\n<li class=\"rl-gallery-item\"><a href=\"https:\/\/aqualineapartman.hu\/wp-content\/uploads\/standard-apartman-02.jpg\" title=\"\" data-rl_title=\"\" class=\"rl-gallery-link\" data-rl_caption=\"\" data-rel=\"lightbox-gallery-10\"><img loading=\"lazy\" decoding=\"async\" src=\"https:\/\/aqualineapartman.hu\/wp-content\/uploads\/standard-apartman-02-544x363.jpg\" width=\"544\" height=\"363\" alt=\"\"\/><\/a><\/li>\n<li class=\"rl-gallery-item\"><a href=\"https:\/\/aqualineapartman.hu\/wp-content\/uploads\/standard-apartman-03.jpg\" title=\"\" data-rl_title=\"\" class=\"rl-gallery-link\" data-rl_caption=\"\" data-rel=\"lightbox-gallery-10\"><img loading=\"lazy\" decoding=\"async\" src=\"https:\/\/aqualineapartman.hu\/wp-content\/uploads\/standard-apartman-03-544x363.jpg\" width=\"544\" height=\"363\" alt=\"\"\/><\/a><\/li>\n<li class=\"rl-gallery-item\"><a href=\"https:\/\/aqualineapartman.hu\/wp-content\/uploads\/standard-apartman-04.jpg\" title=\"\" data-rl_title=\"\" class=\"rl-gallery-link\" data-rl_caption=\"\" data-rel=\"lightbox-gallery-10\"><img loading=\"lazy\" decoding=\"async\" src=\"https:\/\/aqualineapartman.hu\/wp-content\/uploads\/standard-apartman-04-544x363.jpg\" width=\"544\" height=\"363\" alt=\"\"\/><\/a><\/li>\n<li class=\"rl-gallery-item\"><a href=\"https:\/\/aqualineapartman.hu\/wp-content\/uploads\/standard-apartman-05.jpg\" title=\"\" data-rl_title=\"\" class=\"rl-gallery-link\" data-rl_caption=\"\" data-rel=\"lightbox-gallery-10\"><img loading=\"lazy\" decoding=\"async\" src=\"https:\/\/aqualineapartman.hu\/wp-content\/uploads\/standard-apartman-05-544x363.jpg\" width=\"544\" height=\"363\" alt=\"\"\/><\/a><\/li>\n<li class=\"rl-gallery-item\"><a href=\"https:\/\/aqualineapartman.hu\/wp-content\/uploads\/standard-apartman-06.jpg\" title=\"\" data-rl_title=\"\" class=\"rl-gallery-link\" data-rl_caption=\"\" data-rel=\"lightbox-gallery-10\"><img loading=\"lazy\" decoding=\"async\" src=\"https:\/\/aqualineapartman.hu\/wp-content\/uploads\/standard-apartman-06-544x363.jpg\" width=\"544\" height=\"363\" alt=\"\"\/><\/a><\/li>\n<li class=\"rl-gallery-item\"><a href=\"https:\/\/aqualineapartman.hu\/wp-content\/uploads\/standard-apartman-07.jpg\" title=\"\" data-rl_title=\"\" class=\"rl-gallery-link\" data-rl_caption=\"\" data-rel=\"lightbox-gallery-10\"><img loading=\"lazy\" decoding=\"async\" src=\"https:\/\/aqualineapartman.hu\/wp-content\/uploads\/standard-apartman-07-544x360.jpg\" width=\"544\" height=\"360\" alt=\"\"\/><\/a><\/li>\n<li class=\"rl-gallery-item\"><a href=\"https:\/\/aqualineapartman.hu\/wp-content\/uploads\/standard-apartman-08.jpg\" title=\"\" data-rl_title=\"\" class=\"rl-gallery-link\" data-rl_caption=\"\" data-rel=\"lightbox-gallery-10\"><img loading=\"lazy\" decoding=\"async\" src=\"https:\/\/aqualineapartman.hu\/wp-content\/uploads\/standard-apartman-08-544x360.jpg\" width=\"544\" height=\"360\" alt=\"\"\/><\/a><\/li>\n<li class=\"rl-gallery-item\"><a href=\"https:\/\/aqualineapartman.hu\/wp-content\/uploads\/standard-apartman-09.jpg\" title=\"\" data-rl_title=\"\" class=\"rl-gallery-link\" data-rl_caption=\"\" data-rel=\"lightbox-gallery-10\"><img loading=\"lazy\" decoding=\"async\" src=\"https:\/\/aqualineapartman.hu\/wp-content\/uploads\/standard-apartman-09-544x360.jpg\" width=\"544\" height=\"360\" alt=\"\"\/><\/a><\/li>\n<li class=\"rl-gallery-item\"><a href=\"https:\/\/aqualineapartman.hu\/wp-content\/uploads\/standard-apartman-10.jpg\" title=\"\" data-rl_title=\"\" class=\"rl-gallery-link\" data-rl_caption=\"\" data-rel=\"lightbox-gallery-10\"><img loading=\"lazy\" decoding=\"async\" src=\"https:\/\/aqualineapartman.hu\/wp-content\/uploads\/standard-apartman-10-544x360.jpg\" width=\"544\" height=\"360\" alt=\"\"\/><\/a><\/li>\n<li class=\"rl-gallery-item\"><a href=\"https:\/\/aqualineapartman.hu\/wp-content\/uploads\/standard-apartman-11.jpg\" title=\"\" data-rl_title=\"\" class=\"rl-gallery-link\" data-rl_caption=\"\" data-rel=\"lightbox-gallery-10\"><img loading=\"lazy\" decoding=\"async\" src=\"https:\/\/aqualineapartman.hu\/wp-content\/uploads\/standard-apartman-11-544x360.jpg\" width=\"544\" height=\"360\" alt=\"\"\/><\/a><\/li>\n<li class=\"rl-gallery-item\"><a href=\"https:\/\/aqualineapartman.hu\/wp-content\/uploads\/standard-apartman-12.jpg\" title=\"\" data-rl_title=\"\" class=\"rl-gallery-link\" data-rl_caption=\"\" data-rel=\"lightbox-gallery-10\"><img loading=\"lazy\" decoding=\"async\" src=\"https:\/\/aqualineapartman.hu\/wp-content\/uploads\/standard-apartman-12-544x360.jpg\" width=\"544\" height=\"360\" alt=\"\"\/><\/a><\/li>\n<li class=\"rl-gallery-item\"><a href=\"https:\/\/aqualineapartman.hu\/wp-content\/uploads\/standard-apartman-13.jpg\" title=\"\" data-rl_title=\"\" class=\"rl-gallery-link\" data-rl_caption=\"\" data-rel=\"lightbox-gallery-10\"><img loading=\"lazy\" decoding=\"async\" src=\"https:\/\/aqualineapartman.hu\/wp-content\/uploads\/standard-apartman-13-544x360.jpg\" width=\"544\" height=\"360\" alt=\"\"\/><\/a><\/li>\n<\/ul><\/div>\n<\/div>\n<div class=\"front-page-apartment-text\">\n<h2>Apartament standartowy<\/h2>\n<p>Ka\u017cdy z czteroosobowych apartament\u00f3w jest wystarczaj\u0105co przestronny, aby zapewni\u0107 komfortowy pobyt czterem osob\u0105. Dobrze wyposa\u017cona kuchnia i przestronny pok\u00f3j dzienny sprawiaj\u0105, \u017ce relaks jest naprawd\u0119 komfortowy. Wszystkie apartamenty posiadaj\u0105 salon, kuchni\u0119, sypialni\u0119 i \u0142azienk\u0119.<\/p>\n<\/div>\n<\/div>\n<div class=\"front-page-apartment\">\n<div class=\"front-page-apartment-image\">\n<div class=\"rl-gallery-container rl-loading\" id=\"rl-gallery-container-11\" data-gallery_id=\"464\">\n<ul class=\"rl-gallery rl-basicslider-gallery rl-hover-effect-1 rl-hover-icon-1\" id=\"rl-gallery-11\" data-gallery_no=\"11\">\n<li class=\"rl-gallery-item\"><a href=\"https:\/\/aqualineapartman.hu\/wp-content\/uploads\/superior-apartman-01.jpg\" title=\"\" data-rl_title=\"\" class=\"rl-gallery-link\" data-rl_caption=\"\" data-rel=\"lightbox-gallery-11\"><img loading=\"lazy\" decoding=\"async\" src=\"https:\/\/aqualineapartman.hu\/wp-content\/uploads\/superior-apartman-01-544x363.jpg\" width=\"544\" height=\"363\" alt=\"\"\/><\/a><\/li>\n<li class=\"rl-gallery-item\"><a href=\"https:\/\/aqualineapartman.hu\/wp-content\/uploads\/superior-apartman-02.jpg\" title=\"\" data-rl_title=\"\" class=\"rl-gallery-link\" data-rl_caption=\"\" data-rel=\"lightbox-gallery-11\"><img loading=\"lazy\" decoding=\"async\" src=\"https:\/\/aqualineapartman.hu\/wp-content\/uploads\/superior-apartman-02-544x363.jpg\" width=\"544\" height=\"363\" alt=\"\"\/><\/a><\/li>\n<li class=\"rl-gallery-item\"><a href=\"https:\/\/aqualineapartman.hu\/wp-content\/uploads\/superior-apartman-03.jpg\" title=\"\" data-rl_title=\"\" class=\"rl-gallery-link\" data-rl_caption=\"\" data-rel=\"lightbox-gallery-11\"><img loading=\"lazy\" decoding=\"async\" src=\"https:\/\/aqualineapartman.hu\/wp-content\/uploads\/superior-apartman-03-544x363.jpg\" width=\"544\" height=\"363\" alt=\"\"\/><\/a><\/li>\n<li class=\"rl-gallery-item\"><a href=\"https:\/\/aqualineapartman.hu\/wp-content\/uploads\/superior-apartman-04.jpg\" title=\"\" data-rl_title=\"\" class=\"rl-gallery-link\" data-rl_caption=\"\" data-rel=\"lightbox-gallery-11\"><img loading=\"lazy\" decoding=\"async\" src=\"https:\/\/aqualineapartman.hu\/wp-content\/uploads\/superior-apartman-04-544x363.jpg\" width=\"544\" height=\"363\" alt=\"\"\/><\/a><\/li>\n<li class=\"rl-gallery-item\"><a href=\"https:\/\/aqualineapartman.hu\/wp-content\/uploads\/superior-apartman-05.jpg\" title=\"\" data-rl_title=\"\" class=\"rl-gallery-link\" data-rl_caption=\"\" data-rel=\"lightbox-gallery-11\"><img loading=\"lazy\" decoding=\"async\" src=\"https:\/\/aqualineapartman.hu\/wp-content\/uploads\/superior-apartman-05-544x363.jpg\" width=\"544\" height=\"363\" alt=\"\"\/><\/a><\/li>\n<li class=\"rl-gallery-item\"><a href=\"https:\/\/aqualineapartman.hu\/wp-content\/uploads\/superior-apartman-06.jpg\" title=\"\" data-rl_title=\"\" class=\"rl-gallery-link\" data-rl_caption=\"\" data-rel=\"lightbox-gallery-11\"><img loading=\"lazy\" decoding=\"async\" src=\"https:\/\/aqualineapartman.hu\/wp-content\/uploads\/superior-apartman-06-544x360.jpg\" width=\"544\" height=\"360\" alt=\"\"\/><\/a><\/li>\n<li class=\"rl-gallery-item\"><a href=\"https:\/\/aqualineapartman.hu\/wp-content\/uploads\/superior-apartman-07.jpg\" title=\"\" data-rl_title=\"\" class=\"rl-gallery-link\" data-rl_caption=\"\" data-rel=\"lightbox-gallery-11\"><img loading=\"lazy\" decoding=\"async\" src=\"https:\/\/aqualineapartman.hu\/wp-content\/uploads\/superior-apartman-07-544x360.jpg\" width=\"544\" height=\"360\" alt=\"\"\/><\/a><\/li>\n<li class=\"rl-gallery-item\"><a href=\"https:\/\/aqualineapartman.hu\/wp-content\/uploads\/superior-apartman-08.jpg\" title=\"\" data-rl_title=\"\" class=\"rl-gallery-link\" data-rl_caption=\"\" data-rel=\"lightbox-gallery-11\"><img loading=\"lazy\" decoding=\"async\" src=\"https:\/\/aqualineapartman.hu\/wp-content\/uploads\/superior-apartman-08-544x360.jpg\" width=\"544\" height=\"360\" alt=\"\"\/><\/a><\/li>\n<li class=\"rl-gallery-item\"><a href=\"https:\/\/aqualineapartman.hu\/wp-content\/uploads\/superior-apartman-09.jpg\" title=\"\" data-rl_title=\"\" class=\"rl-gallery-link\" data-rl_caption=\"\" data-rel=\"lightbox-gallery-11\"><img loading=\"lazy\" decoding=\"async\" src=\"https:\/\/aqualineapartman.hu\/wp-content\/uploads\/superior-apartman-09-544x360.jpg\" width=\"544\" height=\"360\" alt=\"\"\/><\/a><\/li>\n<li class=\"rl-gallery-item\"><a href=\"https:\/\/aqualineapartman.hu\/wp-content\/uploads\/superior-apartman-10.jpg\" title=\"\" data-rl_title=\"\" class=\"rl-gallery-link\" data-rl_caption=\"\" data-rel=\"lightbox-gallery-11\"><img loading=\"lazy\" decoding=\"async\" src=\"https:\/\/aqualineapartman.hu\/wp-content\/uploads\/superior-apartman-10-544x360.jpg\" width=\"544\" height=\"360\" alt=\"\"\/><\/a><\/li>\n<\/ul><\/div>\n<\/div>\n<div class=\"front-page-apartment-text\">\n<h2>Apartament superior<\/h2>\n<p>Ka\u017cdy z sze\u015bcioosobowych apartament\u00f3w zapewnia przestronny, komfortowy wypoczynek sze\u015bcioro osob\u0105. Dobrze wyposa\u017cona kuchnia i przestronny pok\u00f3j dzienny sprawiaj\u0105, \u017ce relaks jest naprawd\u0119 komfortowy. Ka\u017cdy apartament posiada pok\u00f3j dzienny, kuchni\u0119, dwie sypialnie i \u0142azienk\u0119.<\/p>\n<\/div>\n<\/div>\n<div class=\"front-page-apartment\">\n<div class=\"front-page-apartment-image\">\n<div class=\"rl-gallery-container rl-loading\" id=\"rl-gallery-container-12\" data-gallery_id=\"470\">\n<ul class=\"rl-gallery rl-basicslider-gallery rl-hover-effect-1 rl-hover-icon-1\" id=\"rl-gallery-12\" data-gallery_no=\"12\">\n<li class=\"rl-gallery-item\"><a href=\"https:\/\/aqualineapartman.hu\/wp-content\/uploads\/deluxe-apartman-01.jpg\" title=\"\" data-rl_title=\"\" class=\"rl-gallery-link\" data-rl_caption=\"\" data-rel=\"lightbox-gallery-12\"><img loading=\"lazy\" decoding=\"async\" src=\"https:\/\/aqualineapartman.hu\/wp-content\/uploads\/deluxe-apartman-01-544x363.jpg\" width=\"544\" height=\"363\" alt=\"\"\/><\/a><\/li>\n<li class=\"rl-gallery-item\"><a href=\"https:\/\/aqualineapartman.hu\/wp-content\/uploads\/deluxe-apartman-02.jpg\" title=\"\" data-rl_title=\"\" class=\"rl-gallery-link\" data-rl_caption=\"\" data-rel=\"lightbox-gallery-12\"><img loading=\"lazy\" decoding=\"async\" src=\"https:\/\/aqualineapartman.hu\/wp-content\/uploads\/deluxe-apartman-02-544x363.jpg\" width=\"544\" height=\"363\" alt=\"\"\/><\/a><\/li>\n<li class=\"rl-gallery-item\"><a href=\"https:\/\/aqualineapartman.hu\/wp-content\/uploads\/deluxe-apartman-03.jpg\" title=\"\" data-rl_title=\"\" class=\"rl-gallery-link\" data-rl_caption=\"\" data-rel=\"lightbox-gallery-12\"><img loading=\"lazy\" decoding=\"async\" src=\"https:\/\/aqualineapartman.hu\/wp-content\/uploads\/deluxe-apartman-03-544x363.jpg\" width=\"544\" height=\"363\" alt=\"\"\/><\/a><\/li>\n<li class=\"rl-gallery-item\"><a href=\"https:\/\/aqualineapartman.hu\/wp-content\/uploads\/deluxe-apartman-04-1.jpg\" title=\"\" data-rl_title=\"\" class=\"rl-gallery-link\" data-rl_caption=\"\" data-rel=\"lightbox-gallery-12\"><img loading=\"lazy\" decoding=\"async\" src=\"https:\/\/aqualineapartman.hu\/wp-content\/uploads\/deluxe-apartman-04-1-544x363.jpg\" width=\"544\" height=\"363\" alt=\"\"\/><\/a><\/li>\n<li class=\"rl-gallery-item\"><a href=\"https:\/\/aqualineapartman.hu\/wp-content\/uploads\/deluxe-apartman-05.jpg\" title=\"\" data-rl_title=\"\" class=\"rl-gallery-link\" data-rl_caption=\"\" data-rel=\"lightbox-gallery-12\"><img loading=\"lazy\" decoding=\"async\" src=\"https:\/\/aqualineapartman.hu\/wp-content\/uploads\/deluxe-apartman-05-544x363.jpg\" width=\"544\" height=\"363\" alt=\"\"\/><\/a><\/li>\n<li class=\"rl-gallery-item\"><a href=\"https:\/\/aqualineapartman.hu\/wp-content\/uploads\/deluxe-apartman-06.jpg\" title=\"\" data-rl_title=\"\" class=\"rl-gallery-link\" data-rl_caption=\"\" data-rel=\"lightbox-gallery-12\"><img loading=\"lazy\" decoding=\"async\" src=\"https:\/\/aqualineapartman.hu\/wp-content\/uploads\/deluxe-apartman-06-544x363.jpg\" width=\"544\" height=\"363\" alt=\"\"\/><\/a><\/li>\n<li class=\"rl-gallery-item\"><a href=\"https:\/\/aqualineapartman.hu\/wp-content\/uploads\/deluxe-apartman-05-1.jpg\" title=\"\" data-rl_title=\"\" class=\"rl-gallery-link\" data-rl_caption=\"\" data-rel=\"lightbox-gallery-12\"><img loading=\"lazy\" decoding=\"async\" src=\"https:\/\/aqualineapartman.hu\/wp-content\/uploads\/deluxe-apartman-05-1-544x360.jpg\" width=\"544\" height=\"360\" alt=\"\"\/><\/a><\/li>\n<li class=\"rl-gallery-item\"><a href=\"https:\/\/aqualineapartman.hu\/wp-content\/uploads\/deluxe-apartman-06-1.jpg\" title=\"\" data-rl_title=\"\" class=\"rl-gallery-link\" data-rl_caption=\"\" data-rel=\"lightbox-gallery-12\"><img loading=\"lazy\" decoding=\"async\" src=\"https:\/\/aqualineapartman.hu\/wp-content\/uploads\/deluxe-apartman-06-1-544x360.jpg\" width=\"544\" height=\"360\" alt=\"\"\/><\/a><\/li>\n<li class=\"rl-gallery-item\"><a href=\"https:\/\/aqualineapartman.hu\/wp-content\/uploads\/deluxe-apartman-07.jpg\" title=\"\" data-rl_title=\"\" class=\"rl-gallery-link\" data-rl_caption=\"\" data-rel=\"lightbox-gallery-12\"><img loading=\"lazy\" decoding=\"async\" src=\"https:\/\/aqualineapartman.hu\/wp-content\/uploads\/deluxe-apartman-07-544x360.jpg\" width=\"544\" height=\"360\" alt=\"\"\/><\/a><\/li>\n<li class=\"rl-gallery-item\"><a href=\"https:\/\/aqualineapartman.hu\/wp-content\/uploads\/deluxe-apartman-08.jpg\" title=\"\" data-rl_title=\"\" class=\"rl-gallery-link\" data-rl_caption=\"\" data-rel=\"lightbox-gallery-12\"><img loading=\"lazy\" decoding=\"async\" src=\"https:\/\/aqualineapartman.hu\/wp-content\/uploads\/deluxe-apartman-08-544x360.jpg\" width=\"544\" height=\"360\" alt=\"\"\/><\/a><\/li>\n<li class=\"rl-gallery-item\"><a href=\"https:\/\/aqualineapartman.hu\/wp-content\/uploads\/deluxe-apartman-09.jpg\" title=\"\" data-rl_title=\"\" class=\"rl-gallery-link\" data-rl_caption=\"\" data-rel=\"lightbox-gallery-12\"><img loading=\"lazy\" decoding=\"async\" src=\"https:\/\/aqualineapartman.hu\/wp-content\/uploads\/deluxe-apartman-09-544x360.jpg\" width=\"544\" height=\"360\" alt=\"\"\/><\/a><\/li>\n<li class=\"rl-gallery-item\"><a href=\"https:\/\/aqualineapartman.hu\/wp-content\/uploads\/deluxe-apartman-10.jpg\" title=\"\" data-rl_title=\"\" class=\"rl-gallery-link\" data-rl_caption=\"\" data-rel=\"lightbox-gallery-12\"><img loading=\"lazy\" decoding=\"async\" src=\"https:\/\/aqualineapartman.hu\/wp-content\/uploads\/deluxe-apartman-10-544x360.jpg\" width=\"544\" height=\"360\" alt=\"\"\/><\/a><\/li>\n<li class=\"rl-gallery-item\"><a href=\"https:\/\/aqualineapartman.hu\/wp-content\/uploads\/deluxe-apartman-11.jpg\" title=\"\" data-rl_title=\"\" class=\"rl-gallery-link\" data-rl_caption=\"\" data-rel=\"lightbox-gallery-12\"><img loading=\"lazy\" decoding=\"async\" src=\"https:\/\/aqualineapartman.hu\/wp-content\/uploads\/deluxe-apartman-11-544x360.jpg\" width=\"544\" height=\"360\" alt=\"\"\/><\/a><\/li>\n<li class=\"rl-gallery-item\"><a href=\"https:\/\/aqualineapartman.hu\/wp-content\/uploads\/deluxe-apartman-12.jpg\" title=\"\" data-rl_title=\"\" class=\"rl-gallery-link\" data-rl_caption=\"\" data-rel=\"lightbox-gallery-12\"><img loading=\"lazy\" decoding=\"async\" src=\"https:\/\/aqualineapartman.hu\/wp-content\/uploads\/deluxe-apartman-12-544x360.jpg\" width=\"544\" height=\"360\" alt=\"\"\/><\/a><\/li>\n<li class=\"rl-gallery-item\"><a href=\"https:\/\/aqualineapartman.hu\/wp-content\/uploads\/deluxe-apartman-13.jpg\" title=\"\" data-rl_title=\"\" class=\"rl-gallery-link\" data-rl_caption=\"\" data-rel=\"lightbox-gallery-12\"><img loading=\"lazy\" decoding=\"async\" src=\"https:\/\/aqualineapartman.hu\/wp-content\/uploads\/deluxe-apartman-13-544x360.jpg\" width=\"544\" height=\"360\" alt=\"\"\/><\/a><\/li>\n<li class=\"rl-gallery-item\"><a href=\"https:\/\/aqualineapartman.hu\/wp-content\/uploads\/deluxe-apartman-14.jpg\" title=\"\" data-rl_title=\"\" class=\"rl-gallery-link\" data-rl_caption=\"\" data-rel=\"lightbox-gallery-12\"><img loading=\"lazy\" decoding=\"async\" src=\"https:\/\/aqualineapartman.hu\/wp-content\/uploads\/deluxe-apartman-14-544x360.jpg\" width=\"544\" height=\"360\" alt=\"\"\/><\/a><\/li>\n<li class=\"rl-gallery-item\"><a href=\"https:\/\/aqualineapartman.hu\/wp-content\/uploads\/deluxe-apartman-15.jpg\" title=\"\" data-rl_title=\"\" class=\"rl-gallery-link\" data-rl_caption=\"\" data-rel=\"lightbox-gallery-12\"><img loading=\"lazy\" decoding=\"async\" src=\"https:\/\/aqualineapartman.hu\/wp-content\/uploads\/deluxe-apartman-15-544x360.jpg\" width=\"544\" height=\"360\" alt=\"\"\/><\/a><\/li>\n<li class=\"rl-gallery-item\"><a href=\"https:\/\/aqualineapartman.hu\/wp-content\/uploads\/deluxe-apartman-16.jpg\" title=\"\" data-rl_title=\"\" class=\"rl-gallery-link\" data-rl_caption=\"\" data-rel=\"lightbox-gallery-12\"><img loading=\"lazy\" decoding=\"async\" src=\"https:\/\/aqualineapartman.hu\/wp-content\/uploads\/deluxe-apartman-16-544x360.jpg\" width=\"544\" height=\"360\" alt=\"\"\/><\/a><\/li>\n<li class=\"rl-gallery-item\"><a href=\"https:\/\/aqualineapartman.hu\/wp-content\/uploads\/deluxe-apartman-17.jpg\" title=\"\" data-rl_title=\"\" class=\"rl-gallery-link\" data-rl_caption=\"\" data-rel=\"lightbox-gallery-12\"><img loading=\"lazy\" decoding=\"async\" src=\"https:\/\/aqualineapartman.hu\/wp-content\/uploads\/deluxe-apartman-17-544x360.jpg\" width=\"544\" height=\"360\" alt=\"\"\/><\/a><\/li>\n<\/ul><\/div>\n<\/div>\n<div class=\"front-page-apartment-text\">\n<h2>Apartament deluxe<\/h2>\n<p>Ka\u017cdy z dziewi\u0119cioosobowych apartament\u00f3w jest przestronnych i dlatego zapewniaj\u0105 komfortowy wypoczynek dziewi\u0119ciu osob\u0105. Dobrze wyposa\u017cona kuchnia i przestronna pok\u00f3j dzienny sprawiaj\u0105, \u017ce relaks jest naprawd\u0119 komfortowy. Ka\u017cdy apartament posiada pok\u00f3j dzienny, kuchni\u0119, trzy sypialnie i \u0142azienk\u0119.<\/p>\n<\/div>\n<\/div>\n<p><\/p>","protected":false},"excerpt":{"rendered":"<p>Apartament Apartament standartowy Ka\u017cdy z czteroosobowych apartament\u00f3w jest wystarczaj\u0105co przestronny, aby zapewni\u0107 komfortowy pobyt czterem osob\u0105. Dobrze wyposa\u017cona kuchnia i przestronny pok\u00f3j dzienny sprawiaj\u0105, \u017ce relaks jest naprawd\u0119 komfortowy. Wszystkie apartamenty posiadaj\u0105 salon, kuchni\u0119, sypialni\u0119 i \u0142azienk\u0119. Apartament superior Ka\u017cdy z sze\u015bcioosobowych apartament\u00f3w zapewnia przestronny, komfortowy wypoczynek sze\u015bcioro osob\u0105. Dobrze wyposa\u017cona kuchnia i przestronny pok\u00f3j [&hellip;]<\/p>\n","protected":false},"author":1,"featured_media":0,"parent":0,"menu_order":0,"comment_status":"closed","ping_status":"closed","template":"","meta":{"footnotes":""},"_links":{"self":[{"href":"https:\/\/aqualineapartman.hu\/pl\/wp-json\/wp\/v2\/pages\/402"}],"collection":[{"href":"https:\/\/aqualineapartman.hu\/pl\/wp-json\/wp\/v2\/pages"}],"about":[{"href":"https:\/\/aqualineapartman.hu\/pl\/wp-json\/wp\/v2\/types\/page"}],"author":[{"embeddable":true,"href":"https:\/\/aqualineapartman.hu\/pl\/wp-json\/wp\/v2\/users\/1"}],"replies":[{"embeddable":true,"href":"https:\/\/aqualineapartman.hu\/pl\/wp-json\/wp\/v2\/comments?post=402"}],"version-history":[{"count":20,"href":"https:\/\/aqualineapartman.hu\/pl\/wp-json\/wp\/v2\/pages\/402\/revisions"}],"predecessor-version":[{"id":511,"href":"https:\/\/aqualineapartman.hu\/pl\/wp-json\/wp\/v2\/pages\/402\/revisions\/511"}],"wp:attachment":[{"href":"https:\/\/aqualineapartman.hu\/pl\/wp-json\/wp\/v2\/media?parent=402"}],"curies":[{"name":"wp","href":"https:\/\/api.w.org\/{rel}","templated":true}]}}