{"id":404,"date":"2018-06-10T22:50:06","date_gmt":"2018-06-10T22:50:06","guid":{"rendered":"http:\/\/aqualineapartman.hu\/?page_id=404"},"modified":"2018-07-19T15:26:44","modified_gmt":"2018-07-19T13:26:44","slug":"hajduszoboszlo","status":"publish","type":"page","link":"https:\/\/aqualineapartman.hu\/en\/hajduszoboszlo\/","title":{"rendered":"(HU) Hajd\u00faszoboszl\u00f3"},"content":{"rendered":"<p><\/p>\n<div class=\"col-1\">\n<h1>Hajd\u00faszoboszl\u00f3<\/h1>\n<p>Az Alf\u00f6ld legismertebb f\u00fcrd\u0151v\u00e1rosa Hajd\u00faszoboszl\u00f3, legf\u0151bb vonzereje a h\u00edres gy\u00f3gyf\u00fcrd\u0151b\u0151l, a strandb\u00f3l, az Aquaparkb\u00f3l \u00e9s az Aqua Palace-b\u00f3l \u00e1ll\u00f3 f\u00fcrd\u0151komplexum. A f\u00fcrd\u0151komplexum szolg\u00e1ltat\u00e1saival eg\u00e9sz \u00e9vben felejthetetlen \u00e9lm\u00e9nyt k\u00edn\u00e1l a gy\u00f3gy-, \u00e9s \u00fcd\u00fcl\u0151 vend\u00e9geknek, valamint a kis \u00e9s nagy gyermekes csal\u00e1doknak.<\/p>\n<p>Sz\u00e1mos helybeli \u00e9s k\u00f6rny\u00e9kbeli l\u00e1tnival\u00f3n \u00e9s rendezv\u00e9nyen k\u00edv\u00fcl (Debrecen, Hortob\u00e1gy, Ny\u00edregyh\u00e1za, Tokaj) Hajd\u00faszoboszl\u00f3 minden \u00e9vszakban tematikus gasztron\u00f3mia fesztiv\u00e1lokkal teszi m\u00e9g sz\u00ednesebb\u00e9 a programk\u00edn\u00e1latot.<\/p>\n<p>B\u0151vebb inform\u00e1ci\u00f3t, jegy \u00e1rakat, aktu\u00e1lis programokat a <a href=\"https:\/\/hajduszoboszlo.hu\">hajduszoboszlo.hu<\/a> oldalon tal\u00e1l.<\/div>\n<div class=\"col-2\"><img loading=\"lazy\" decoding=\"async\" class=\"alignnone size-full wp-image-487\" src=\"http:\/\/aqualineapartman.hu\/wp-content\/uploads\/hajduszoboszlo.png\" alt=\"\" width=\"417\" height=\"400\" srcset=\"https:\/\/aqualineapartman.hu\/wp-content\/uploads\/hajduszoboszlo.png 417w, https:\/\/aqualineapartman.hu\/wp-content\/uploads\/hajduszoboszlo-150x144.png 150w\" sizes=\"(max-width: 417px) 100vw, 417px\" \/><\/div>\n<p><\/p>","protected":false},"excerpt":{"rendered":"<p>Hajd\u00faszoboszl\u00f3 Az Alf\u00f6ld legismertebb f\u00fcrd\u0151v\u00e1rosa Hajd\u00faszoboszl\u00f3, legf\u0151bb vonzereje a h\u00edres gy\u00f3gyf\u00fcrd\u0151b\u0151l, a strandb\u00f3l, az Aquaparkb\u00f3l \u00e9s az Aqua Palace-b\u00f3l \u00e1ll\u00f3 f\u00fcrd\u0151komplexum. A f\u00fcrd\u0151komplexum szolg\u00e1ltat\u00e1saival eg\u00e9sz \u00e9vben felejthetetlen \u00e9lm\u00e9nyt k\u00edn\u00e1l a gy\u00f3gy-, \u00e9s \u00fcd\u00fcl\u0151 vend\u00e9geknek, valamint a kis \u00e9s nagy gyermekes csal\u00e1doknak. Sz\u00e1mos helybeli \u00e9s k\u00f6rny\u00e9kbeli l\u00e1tnival\u00f3n \u00e9s rendezv\u00e9nyen k\u00edv\u00fcl (Debrecen, Hortob\u00e1gy, Ny\u00edregyh\u00e1za, Tokaj) Hajd\u00faszoboszl\u00f3 minden [&hellip;]<\/p>\n","protected":false},"author":1,"featured_media":0,"parent":0,"menu_order":0,"comment_status":"closed","ping_status":"closed","template":"","meta":{"footnotes":""},"_links":{"self":[{"href":"https:\/\/aqualineapartman.hu\/en\/wp-json\/wp\/v2\/pages\/404"}],"collection":[{"href":"https:\/\/aqualineapartman.hu\/en\/wp-json\/wp\/v2\/pages"}],"about":[{"href":"https:\/\/aqualineapartman.hu\/en\/wp-json\/wp\/v2\/types\/page"}],"author":[{"embeddable":true,"href":"https:\/\/aqualineapartman.hu\/en\/wp-json\/wp\/v2\/users\/1"}],"replies":[{"embeddable":true,"href":"https:\/\/aqualineapartman.hu\/en\/wp-json\/wp\/v2\/comments?post=404"}],"version-history":[{"count":13,"href":"https:\/\/aqualineapartman.hu\/en\/wp-json\/wp\/v2\/pages\/404\/revisions"}],"predecessor-version":[{"id":512,"href":"https:\/\/aqualineapartman.hu\/en\/wp-json\/wp\/v2\/pages\/404\/revisions\/512"}],"wp:attachment":[{"href":"https:\/\/aqualineapartman.hu\/en\/wp-json\/wp\/v2\/media?parent=404"}],"curies":[{"name":"wp","href":"https:\/\/api.w.org\/{rel}","templated":true}]}}